{"id":10,"date":"2023-07-25T20:56:43","date_gmt":"2023-07-25T18:56:43","guid":{"rendered":"https:\/\/ophtalmo-atlantique.com\/index.php\/mesmerize\/"},"modified":"2023-07-25T21:28:51","modified_gmt":"2023-07-25T19:28:51","slug":"mesmerize","status":"publish","type":"page","link":"https:\/\/ophtalmo-atlantique.com\/","title":{"rendered":"Front Page"},"content":{"rendered":"<div  id=\"overlappable-4\" style=\"background-color: #ffffff;\" data-label=\"Overlappable\" data-id=\"overlappable-4\" data-export-id=\"overlappable-4\" data-category=\"overlappable\" class=\"overlappable-4 content-section content-section-spacing\" data-overlap=\"true\"><div  class=\"gridContainer\"> <div  data-type=\"row\" class=\"row spaced-cols text-center\"><div  class=\"col-xs-12 col-sm-4 col-padding col-md-6 \"> <i  class=\"fa icon shadow-large-black aligncenter color1 fa-eye reverse round large\"><\/i> <div  data-type=\"column\" class=\"\"> <h5  class=\"\">OPHTALMOLOGIE<\/h5> <p  class=\"\">Maladie &amp; Chirurgie des Yeux<br >D\u00e9pistage &amp; Bilan de la vue Enfants et Adultes<br >Renouvellement lunettes &amp; lentilles<br > Pathologies m\u00e9dicales, Glaucome, DMLA &amp; Suivi<br >Pathologies chirurgicales &amp; Cataracte <br >Urgences<\/p><\/div> <\/div> <div  class=\"col-xs-12 col-sm-4 col-padding col-md-6 \"> <i  class=\"fa icon shadow-large-black aligncenter color1 fa-eye-slash reverse round large\"><\/i> <div  data-type=\"column\" class=\"\"><h5  class=\"\">ORTHOPTIE<\/h5> <p  class=\"\">Bilan Orthoptique<br >R\u00e9\u00e9ducation<br >D\u00e9pistage<br >Basse vision<\/p><\/div> <\/div> <\/div> <\/div><\/div><div  id=\"cta-1\" data-label=\"Cta\" data-id=\"cta-blue-section\" data-export-id=\"cta-blue-section\" data-category=\"cta\" class=\"cta-blue-section content-section content-section-spacing-medium bg-color1 white-text\"><div  class=\"gridContainer\"> <div  class=\"row middle-xs\"><div  class=\"col-sm-8 space-bottom-xs\" data-type=\"column\"> <h2  class=\"\"><span  class=\"font-300\">POUR TOUTES&nbsp;<b >URGENCES&nbsp;<\/b>:<\/span><\/h2> <\/div> <div  class=\"col-sm-4 end-sm\" data-type=\"column\"><h1  class=\"\">05 46 00 77 20<\/h1> <\/div> <\/div><\/div> <\/div><div  id=\"features-3\" style=\"background-color: #ffffff;\" data-label=\"Features\" data-id=\"features-12-card-bordered\" data-export-id=\"features-12-card-bordered\" data-category=\"features\" class=\"features-12-card-bordered content-section content-section-spacing \"><div  class=\"gridContainer\"> <div  class=\"row text-center\"><div  class=\"section-title-col\" data-type=\"column\"> <h2  class=\"\">L\u2019EQUIPE MEDICALE<\/h2> <p  class=\"lead\">Notre \u00e9quipe se compose de 2 Ophtalmologues sp\u00e9cialis\u00e9s et de 2 Orthoptistes <\/p><\/div> <\/div> <div  class=\"row spaced-cols\" data-type=\"row\"> <div  class=\"col-sm-6\"> <div  class=\"card row-card bordered y-move\"> <div  class=\"row\"> <div  class=\"col-sm-fit icon-column\"> <i  class=\"fa icon color2 fa-graduation-cap bordered round\"><\/i> <\/div> <div  class=\"col-sm\" data-type=\"column\"> <h5  class=\"color2\">Docteur Laurent CURUTCHET<\/h5> <p  class=\"\">Maladie et Chirurgie des Yeux<br >Ancien Interne des H\u00f4pitaux<br >Ancien Chef de Clinique des H\u00f4pitaux<br >Conventionn\u00e9 Secteur 2&nbsp; &nbsp; &nbsp; &nbsp; &nbsp; &nbsp;&nbsp;<\/p><\/div> <\/div><\/div> <\/div> <div  class=\"col-sm-6\"> <div  class=\"card row-card bordered y-move\"> <div  class=\"row\"> <div  class=\"col-sm-fit icon-column\"> <i  class=\"fa icon color2 fa-graduation-cap bordered round\"><\/i> <\/div> <div  class=\"col-sm\" data-type=\"column\"> <h5  class=\"color2\">Docteur Myriam DJABAROUTI<\/h5> <p  class=\"\">Maladie et Chirurgie des Yeux<br >Ancien Interne des H\u00f4pitaux<br >Ancien Assistant Sp\u00e9cialiste des H\u00f4pitaux<br >Ancien Praticien Hospitalier<br >Conventionn\u00e9e Secteur 2<\/p><\/div> <\/div><\/div> <\/div> <div  class=\"col-sm-6\"> <div  class=\"card row-card bordered y-move\"> <div  class=\"row\"> <div  class=\"col-sm-fit icon-column\"> <i  class=\"fa icon color2 fa-bookmark bordered round\"><\/i> <\/div> <div  class=\"col-sm\" data-type=\"column\"> <h5  class=\"color2\">Madame  L\u00e9a GERARD  <\/h5> <p  class=\"\">Dipl\u00f4m\u00e9 de l\u2019\u00e9cole d\u2019Orthoptie de Nantes<\/p><\/div> <\/div><\/div> <\/div> <div  class=\"col-sm-6\"> <div  class=\"card row-card bordered y-move\"> <div  class=\"row\"> <div  class=\"col-sm-fit icon-column\"> <i  class=\"fa icon color2 fa-bookmark bordered round\"><\/i> <\/div> <div  class=\"col-sm\" data-type=\"column\"> <h5  class=\"color2\">Monsieur  Pierre DALGER<\/h5> <p  class=\"\">Dipl\u00f4m\u00e9 de l\u2019\u00e9cole d\u2019Orthoptie de Nantes<\/p><\/div> <\/div><\/div> <\/div><\/div> <\/div><\/div>","protected":false},"excerpt":{"rendered":"<p>OPHTALMOLOGIE Maladie &amp; Chirurgie des YeuxD\u00e9pistage &amp; Bilan de la vue Enfants et AdultesRenouvellement lunettes &amp; lentilles Pathologies m\u00e9dicales, Glaucome, DMLA &amp; SuiviPathologies chirurgicales &amp; Cataracte Urgences ORTHOPTIE Bilan OrthoptiqueR\u00e9\u00e9ducationD\u00e9pistageBasse vision POUR TOUTES&nbsp;URGENCES&nbsp;: 05 46 00 77 20 L\u2019EQUIPE MEDICALE Notre \u00e9quipe se compose de 2 Ophtalmologues sp\u00e9cialis\u00e9s et de 2 Orthoptistes Docteur Laurent CURUTCHET&hellip; <br \/> <a class=\"read-more\" href=\"https:\/\/ophtalmo-atlantique.com\/\">Read more<\/a><\/p>\n","protected":false},"author":1,"featured_media":0,"parent":0,"menu_order":0,"comment_status":"closed","ping_status":"closed","template":"page-templates\/homepage.php","meta":{"footnotes":""},"class_list":["post-10","page","type-page","status-publish","hentry"],"_links":{"self":[{"href":"https:\/\/ophtalmo-atlantique.com\/index.php\/wp-json\/wp\/v2\/pages\/10","targetHints":{"allow":["GET"]}}],"collection":[{"href":"https:\/\/ophtalmo-atlantique.com\/index.php\/wp-json\/wp\/v2\/pages"}],"about":[{"href":"https:\/\/ophtalmo-atlantique.com\/index.php\/wp-json\/wp\/v2\/types\/page"}],"author":[{"embeddable":true,"href":"https:\/\/ophtalmo-atlantique.com\/index.php\/wp-json\/wp\/v2\/users\/1"}],"replies":[{"embeddable":true,"href":"https:\/\/ophtalmo-atlantique.com\/index.php\/wp-json\/wp\/v2\/comments?post=10"}],"version-history":[{"count":11,"href":"https:\/\/ophtalmo-atlantique.com\/index.php\/wp-json\/wp\/v2\/pages\/10\/revisions"}],"predecessor-version":[{"id":38,"href":"https:\/\/ophtalmo-atlantique.com\/index.php\/wp-json\/wp\/v2\/pages\/10\/revisions\/38"}],"wp:attachment":[{"href":"https:\/\/ophtalmo-atlantique.com\/index.php\/wp-json\/wp\/v2\/media?parent=10"}],"curies":[{"name":"wp","href":"https:\/\/api.w.org\/{rel}","templated":true}]}}